{"id":4269,"date":"2025-09-30T20:28:58","date_gmt":"2025-09-30T20:28:58","guid":{"rendered":"https:\/\/wp.feuerwehr-schilksee.de\/?page_id=4269"},"modified":"2025-10-06T10:57:29","modified_gmt":"2025-10-06T10:57:29","slug":"mitglied-werden","status":"publish","type":"page","link":"https:\/\/www.feuerwehr-schilksee.de\/?page_id=4269","title":{"rendered":"Mitglied werden"},"content":{"rendered":"<p><strong>Was kann ich f\u00fcr die Feuerwehr machen? Und wie fange ich an?<\/strong><\/p>\n<p><img loading=\"lazy\" decoding=\"async\" class=\" size-full wp-image-3364\" src=\"https:\/\/feuerwehr-schilksee.de\/wp-content\/uploads\/2013\/03\/aktiv.jpg\" alt=\"\" width=\"200\" height=\"70\" \/><\/p>\n<p><strong>Ab 10 Jahre in der Jugendfeuerwehr:<\/strong><\/p>\n<p>Bei der Jugendfeuerwehr\u00fcbung vorbeischauen (Dienstags 18-20 Uhr) oder eine eMail \u00fcber das <a href=\"https:\/\/feuerwehr-schilksee.de\/?page_id=4162\">Kontaktformular Jugendfeuerwehr Schilksee<\/a> schicken.<\/p>\n<p><strong>Von 18 bis 67 Jahren in der Einsatzabteilung:<\/strong><\/p>\n<p>Beim Einsatzdienst vorbeischauen <a href=\"https:\/\/feuerwehr-schilksee.de\/?page_id=4273\">(siehe Dienstplan)<\/a> oder eine eMail \u00fcber das <a href=\"https:\/\/feuerwehr-schilksee.de\/?page_id=4277\">Kontaktformular der Feuerwehr Schilksee<\/a> schicken.<\/p>\n<p><strong>Die Freiwillige Feuerwehr ist zu 100% ehrenamtlich<\/strong>.<\/p>\n<p style=\"text-align: left;\"><img loading=\"lazy\" decoding=\"async\" class=\" size-full wp-image-3365\" src=\"https:\/\/feuerwehr-schilksee.de\/wp-content\/uploads\/2013\/03\/passiv.jpg\" alt=\"\" width=\"200\" height=\"70\" \/><\/p>\n<p style=\"text-align: left;\"><strong>Als passives Mitglied:<\/strong><\/p>\n<p style=\"text-align: left;\">Die Feuerwehr, \u00fcber  den <a href=\"https:\/\/feuerwehr-schilksee.de\/?p=3899\">F\u00f6rderverein<\/a>, mit Spenden unterst\u00fctzen. Spenden k\u00f6nnt ihr \u00fcber das Spendenformular, oder direkt \u00fcber <a href=\"https:\/\/www.paypal.com\/donate\/?hosted_button_id=427EWTDXMQEXE\">Paypal<\/a>.<\/p>\n<p style=\"text-align: left;\"><a href=\"mailto:foerderverein@feuerwehr-schilksee.de\">foerderverein@feuerwehr-schilksee.de<\/a><\/p>\n<p style=\"text-align: left;\">\n","protected":false},"excerpt":{"rendered":"<p>Was kann ich f\u00fcr die Feuerwehr machen? Und wie fange ich an? Ab 10 Jahre in der Jugendfeuerwehr: Bei der Jugendfeuerwehr\u00fcbung vorbeischauen (Dienstags 18-20 Uhr) oder eine eMail \u00fcber das Kontaktformular Jugendfeuerwehr Schilksee schicken. Von 18 bis 67 Jahren in der Einsatzabteilung: Beim Einsatzdienst vorbeischauen (siehe Dienstplan) oder eine eMail \u00fcber das Kontaktformular der Feuerwehr [&hellip;]<\/p>\n","protected":false},"author":1,"featured_media":0,"parent":0,"menu_order":0,"comment_status":"closed","ping_status":"closed","template":"page-without-header-image","meta":{"footnotes":""},"class_list":["post-4269","page","type-page","status-publish","hentry"],"_links":{"self":[{"href":"https:\/\/www.feuerwehr-schilksee.de\/index.php?rest_route=\/wp\/v2\/pages\/4269","targetHints":{"allow":["GET"]}}],"collection":[{"href":"https:\/\/www.feuerwehr-schilksee.de\/index.php?rest_route=\/wp\/v2\/pages"}],"about":[{"href":"https:\/\/www.feuerwehr-schilksee.de\/index.php?rest_route=\/wp\/v2\/types\/page"}],"author":[{"embeddable":true,"href":"https:\/\/www.feuerwehr-schilksee.de\/index.php?rest_route=\/wp\/v2\/users\/1"}],"replies":[{"embeddable":true,"href":"https:\/\/www.feuerwehr-schilksee.de\/index.php?rest_route=%2Fwp%2Fv2%2Fcomments&post=4269"}],"version-history":[{"count":10,"href":"https:\/\/www.feuerwehr-schilksee.de\/index.php?rest_route=\/wp\/v2\/pages\/4269\/revisions"}],"predecessor-version":[{"id":4342,"href":"https:\/\/www.feuerwehr-schilksee.de\/index.php?rest_route=\/wp\/v2\/pages\/4269\/revisions\/4342"}],"wp:attachment":[{"href":"https:\/\/www.feuerwehr-schilksee.de\/index.php?rest_route=%2Fwp%2Fv2%2Fmedia&parent=4269"}],"curies":[{"name":"wp","href":"https:\/\/api.w.org\/{rel}","templated":true}]}}