{"id":4206,"date":"2025-09-18T14:42:59","date_gmt":"2025-09-18T14:42:59","guid":{"rendered":"https:\/\/wp.feuerwehr-schilksee.de\/?page_id=4206"},"modified":"2025-10-07T06:13:46","modified_gmt":"2025-10-07T06:13:46","slug":"personal","status":"publish","type":"page","link":"https:\/\/www.feuerwehr-schilksee.de\/?page_id=4206","title":{"rendered":"Personal"},"content":{"rendered":"<p>In der Freiwilligen Feuerwehr Schilksee sind aktuell 49 Mitglieder in der Einsatzabteilung, zwei in der Ehrenabteilung und 22 in der Jugendfeuerwehr (10\/2025). <strong>Alle Mitglieder sind ehrenamtlich t\u00e4tig. <\/strong>Ein Problem fast aller Freiwilligen Feuerwehren ist die Tagesst\u00e4rke, da zu dieser Zeit viele au\u00dferhalb arbeiten sind. <strong>Werden Sie aktiv und Mitglied in der Freiwilligen Feuerwehr Schilksee, wir brauchen zu jeder Tages- und Nachtzeit Unterst\u00fctzung.<\/strong><\/p>\n<p style=\"text-align: center;\"><img loading=\"lazy\" decoding=\"async\" class=\" size-full wp-image-3347 aligncenter\" src=\"https:\/\/wp.feuerwehr-schilksee.de\/wp-content\/uploads\/2013\/03\/Gruppenfoto_FF_14062022-scaled.jpg\" alt=\"\" width=\"698\" height=\"393\" srcset=\"https:\/\/www.feuerwehr-schilksee.de\/wp-content\/uploads\/2013\/03\/Gruppenfoto_FF_14062022-scaled.jpg 2560w, https:\/\/www.feuerwehr-schilksee.de\/wp-content\/uploads\/2013\/03\/Gruppenfoto_FF_14062022-300x169.jpg 300w, https:\/\/www.feuerwehr-schilksee.de\/wp-content\/uploads\/2013\/03\/Gruppenfoto_FF_14062022-1024x576.jpg 1024w, https:\/\/www.feuerwehr-schilksee.de\/wp-content\/uploads\/2013\/03\/Gruppenfoto_FF_14062022-768x432.jpg 768w, https:\/\/www.feuerwehr-schilksee.de\/wp-content\/uploads\/2013\/03\/Gruppenfoto_FF_14062022-1536x864.jpg 1536w, https:\/\/www.feuerwehr-schilksee.de\/wp-content\/uploads\/2013\/03\/Gruppenfoto_FF_14062022-2048x1152.jpg 2048w\" sizes=\"auto, (max-width: 698px) 100vw, 698px\" \/><br \/>\nGruppenfoto Freiwillige Feuerwehr Kiel-Schilksee im Juni 2022<\/p>\n<p>&nbsp;<\/p>\n\n<table id=\"tablepress-4\" class=\"tablepress tablepress-id-4\">\n<thead>\n<tr class=\"row-1\">\n\t<th class=\"column-1\">Stand: Oktober 2025<\/th><th class=\"column-2\">Einsatzabteilung<\/th><th class=\"column-3\">Jugendfeuerwehr<\/th>\n<\/tr>\n<\/thead>\n<tbody class=\"row-striping row-hover\">\n<tr class=\"row-2\">\n\t<td class=\"column-1\">Gr\u00fcndung<\/td><td class=\"column-2\">12. Januar 1930<\/td><td class=\"column-3\">09. Oktober 1978<\/td>\n<\/tr>\n<tr class=\"row-3\">\n\t<td class=\"column-1\">Dienst<\/td><td class=\"column-2\">Abwechselnd Montag &amp; Freitag, siehe <a href=\"https:\/\/www.feuerwehr-schilksee.de\/?page_id=4273\">Dienstplan<\/a><\/td><td class=\"column-3\">Jeden Dienstag 18 - 20 Uhr<\/td>\n<\/tr>\n<tr class=\"row-4\">\n\t<td class=\"column-1\">M\u00e4nnlich<\/td><td class=\"column-2\">44<\/td><td class=\"column-3\">21<\/td>\n<\/tr>\n<tr class=\"row-5\">\n\t<td class=\"column-1\">Weiblich<\/td><td class=\"column-2\">5<\/td><td class=\"column-3\">1<\/td>\n<\/tr>\n<tr class=\"row-6\">\n\t<td class=\"column-1\">Summe<\/td><td class=\"column-2\">49<\/td><td class=\"column-3\">22<\/td>\n<\/tr>\n<tr class=\"row-7\">\n\t<td class=\"column-1\">davon Atemschutz-ger\u00e4tetr\u00e4ger<\/td><td class=\"column-2\">28<\/td><td class=\"column-3\">-<\/td>\n<\/tr>\n<\/tbody>\n<\/table>\n<!-- #tablepress-4 from cache -->\n<p>&nbsp;<\/p>\n<h2 style=\"text-align: center;\">Wehrvorstand<\/h2>\n<h3><\/h3>\n<h3 style=\"text-align: center;\">Wehrf\u00fchrung<\/h3>\n<p style=\"text-align: center;\"><img loading=\"lazy\" decoding=\"async\" class=\" size-full wp-image-3345\" src=\"https:\/\/wp.feuerwehr-schilksee.de\/wp-content\/uploads\/2013\/03\/Fechtner.jpg\" alt=\"\" width=\"171\" height=\"256\" srcset=\"https:\/\/www.feuerwehr-schilksee.de\/wp-content\/uploads\/2013\/03\/Fechtner.jpg 362w, https:\/\/www.feuerwehr-schilksee.de\/wp-content\/uploads\/2013\/03\/Fechtner-200x300.jpg 200w\" sizes=\"auto, (max-width: 171px) 100vw, 171px\" \/><\/p>\n<p style=\"text-align: center;\"><strong>Manuel Fechtner<\/strong><\/p>\n<p style=\"text-align: center;\">Aufgaben: Leiten der Feuerwehr, Koordination von Bauma\u00dfnahmen<br \/>\nFunkmeldeempf\u00e4nger, \u00d6ffentlichkeitsarbeit, Kleiderkammer<\/p>\n<p>&nbsp;<\/p>\n<h3 style=\"text-align: center;\">Stellvertretende Wehrf\u00fchrung<\/h3>\n<p style=\"text-align: center;\"><img loading=\"lazy\" decoding=\"async\" class=\" size-full wp-image-3346\" src=\"https:\/\/wp.feuerwehr-schilksee.de\/wp-content\/uploads\/2013\/03\/Gruendemann.jpg\" alt=\"\" width=\"170\" height=\"255\" srcset=\"https:\/\/www.feuerwehr-schilksee.de\/wp-content\/uploads\/2013\/03\/Gruendemann.jpg 301w, https:\/\/www.feuerwehr-schilksee.de\/wp-content\/uploads\/2013\/03\/Gruendemann-200x300.jpg 200w\" sizes=\"auto, (max-width: 170px) 100vw, 170px\" \/><\/p>\n<p style=\"text-align: center;\"><strong>Bj\u00f6rn Gr\u00fcndemann<\/strong><\/p>\n<p style=\"text-align: center;\">Aufgaben: Koordination von Lehrg\u00e4ngen, Weiterf\u00fchrende Ausbildung<\/p>\n<p>&nbsp;<\/p>\n<h3 style=\"text-align: center;\">Zugf\u00fchrung<\/h3>\n<p style=\"text-align: center;\">Jan Nikolaus G\u00f6bel<\/p>\n<p style=\"text-align: center;\">Aufgaben: Ausbildung, Brandschutzerziehung<\/p>\n<p>&nbsp;<\/p>\n<h3 style=\"text-align: center;\">Gruppenf\u00fchrung<\/h3>\n<p style=\"text-align: center;\">Denise Herzeg<\/p>\n<p style=\"text-align: center;\">Michel Sturm<\/p>\n<p style=\"text-align: center;\">Felix Nogens<\/p>\n<p style=\"text-align: center;\">Aufgaben: Ausbildung, Atemschutz<\/p>\n<p>&nbsp;<\/p>\n<h3 style=\"text-align: center;\">Jugendwart<\/h3>\n<p style=\"text-align: center;\">Fynn B\u00fcrstenbinder<\/p>\n<p style=\"text-align: center;\">Stellvertretung: Bennet Lundschien<\/p>\n<p style=\"text-align: center;\">Aufgaben: Leitung der Jugendfeuerwehr<\/p>\n<p>&nbsp;<\/p>\n<h3 style=\"text-align: center;\">Schriftwart<\/h3>\n<p style=\"text-align: center;\">Jochen Sturm<\/p>\n<p style=\"text-align: center;\">Aufgaben: Schriftf\u00fchrung, Protokolle, Einsatzdokumentation, Lehrgangsverwaltung<\/p>\n<p>&nbsp;<\/p>\n<h3 style=\"text-align: center;\">Kassenwart<\/h3>\n<p style=\"text-align: center;\">Ren\u00e9 Stahnke<\/p>\n<p style=\"text-align: center;\">Stellvertretung: Katharina Sturm<\/p>\n<p style=\"text-align: center;\">Aufgaben: Kassenf\u00fchrung, passive Mitglieder<\/p>\n<p>&nbsp;<\/p>\n<h3 style=\"text-align: center;\">Ger\u00e4tewart<\/h3>\n<p style=\"text-align: center;\">Daniel Mastrangelo<\/p>\n<p style=\"text-align: center;\">Stellvertretung: Volker Karner, Lars Hasch und Fynn B\u00fcrstenbinder<\/p>\n<p style=\"text-align: center;\">Aufgaben: Ger\u00e4tepr\u00fcfung, Ger\u00e4tepflege<\/p>\n<h3><\/h3>\n<h3 style=\"text-align: center;\">Sicherheitsbeauftragter<\/h3>\n<p style=\"text-align: center;\">Jan Petersen<\/p>\n<p style=\"text-align: center;\">Aufgaben: Sicherheitsunterweisungen<\/p>\n<p>&nbsp;<\/p>\n<h3 style=\"text-align: center;\">Webmaster<\/h3>\n<p style=\"text-align: center;\">Bennet Lundschien<\/p>\n<p style=\"text-align: center;\">Aufgaben: Pflege der Webseite<\/p>\n<p>&nbsp;<\/p>\n","protected":false},"excerpt":{"rendered":"<p>In der Freiwilligen Feuerwehr Schilksee sind aktuell 49 Mitglieder in der Einsatzabteilung, zwei in der Ehrenabteilung und 22 in der Jugendfeuerwehr (10\/2025). Alle Mitglieder sind ehrenamtlich t\u00e4tig. Ein Problem fast aller Freiwilligen Feuerwehren ist die Tagesst\u00e4rke, da zu dieser Zeit viele au\u00dferhalb arbeiten sind. Werden Sie aktiv und Mitglied in der Freiwilligen Feuerwehr Schilksee, wir [&hellip;]<\/p>\n","protected":false},"author":1,"featured_media":0,"parent":0,"menu_order":0,"comment_status":"closed","ping_status":"closed","template":"","meta":{"footnotes":""},"class_list":["post-4206","page","type-page","status-publish","hentry"],"_links":{"self":[{"href":"https:\/\/www.feuerwehr-schilksee.de\/index.php?rest_route=\/wp\/v2\/pages\/4206","targetHints":{"allow":["GET"]}}],"collection":[{"href":"https:\/\/www.feuerwehr-schilksee.de\/index.php?rest_route=\/wp\/v2\/pages"}],"about":[{"href":"https:\/\/www.feuerwehr-schilksee.de\/index.php?rest_route=\/wp\/v2\/types\/page"}],"author":[{"embeddable":true,"href":"https:\/\/www.feuerwehr-schilksee.de\/index.php?rest_route=\/wp\/v2\/users\/1"}],"replies":[{"embeddable":true,"href":"https:\/\/www.feuerwehr-schilksee.de\/index.php?rest_route=%2Fwp%2Fv2%2Fcomments&post=4206"}],"version-history":[{"count":17,"href":"https:\/\/www.feuerwehr-schilksee.de\/index.php?rest_route=\/wp\/v2\/pages\/4206\/revisions"}],"predecessor-version":[{"id":4361,"href":"https:\/\/www.feuerwehr-schilksee.de\/index.php?rest_route=\/wp\/v2\/pages\/4206\/revisions\/4361"}],"wp:attachment":[{"href":"https:\/\/www.feuerwehr-schilksee.de\/index.php?rest_route=%2Fwp%2Fv2%2Fmedia&parent=4206"}],"curies":[{"name":"wp","href":"https:\/\/api.w.org\/{rel}","templated":true}]}}