{"id":4200,"date":"2025-09-18T14:34:15","date_gmt":"2025-09-18T14:34:15","guid":{"rendered":"https:\/\/wp.feuerwehr-schilksee.de\/?page_id=4200"},"modified":"2025-10-06T10:29:45","modified_gmt":"2025-10-06T10:29:45","slug":"alarmierung","status":"publish","type":"page","link":"https:\/\/www.feuerwehr-schilksee.de\/?page_id=4200","title":{"rendered":"Alarmierung"},"content":{"rendered":"<p><img loading=\"lazy\" decoding=\"async\" class=\" size-full wp-image-3360\" src=\"https:\/\/wp.feuerwehr-schilksee.de\/wp-content\/uploads\/2013\/03\/Feuerwehr-Notruf.jpg\" alt=\"\" style=\"display: block; margin-left: auto; margin-right: auto;\" width=\"400\" height=\"300\" srcset=\"https:\/\/www.feuerwehr-schilksee.de\/wp-content\/uploads\/2013\/03\/Feuerwehr-Notruf.jpg 400w, https:\/\/www.feuerwehr-schilksee.de\/wp-content\/uploads\/2013\/03\/Feuerwehr-Notruf-300x225.jpg 300w\" sizes=\"auto, (max-width: 400px) 100vw, 400px\" \/><\/p>\n<p>Die Feuerwehr erreicht man \u00fcber den Notruf 112 (ohne Vorwahl und ohne M\u00fcnzen oder Telefonkarte), dann wird man in unseren Fall mit der Leitstelle Mitte verbunden.<\/p>\n<p><!--more--><\/p>\n<p>Beim Notruf kann man sich an den 5 W&#8217;s orientieren:\u00a0<\/p>\n<p><strong>Wo <\/strong>ist das Ereignis? <strong>Wer<\/strong> ruft an? <strong>Was<\/strong> ist geschehen? <strong>Wie<\/strong> viele Betroffene? <strong>Warten auf R\u00fcckfragen!<\/strong><\/p>\n<p>Die Leitstelle alarmiert die freiwilligen Feuerwehrleute dann \u00fcber Funkmeldeempf\u00e4nger und Sirenen. Diese fahren dann von zu Hause oder von der Arbeit zu Ger\u00e4tehaus und r\u00fccken dann zum Einsatz aus.<\/p>\n<p><img loading=\"lazy\" decoding=\"async\" class=\" size-full wp-image-3361\" src=\"https:\/\/wp.feuerwehr-schilksee.de\/wp-content\/uploads\/2013\/03\/Funkmeldeempfnger-scaled.jpg\" width=\"600\" height=\"800\" style=\"display: block; margin-left: auto; margin-right: auto;\" srcset=\"https:\/\/www.feuerwehr-schilksee.de\/wp-content\/uploads\/2013\/03\/Funkmeldeempfnger-scaled.jpg 1920w, https:\/\/www.feuerwehr-schilksee.de\/wp-content\/uploads\/2013\/03\/Funkmeldeempfnger-225x300.jpg 225w, https:\/\/www.feuerwehr-schilksee.de\/wp-content\/uploads\/2013\/03\/Funkmeldeempfnger-768x1024.jpg 768w, https:\/\/www.feuerwehr-schilksee.de\/wp-content\/uploads\/2013\/03\/Funkmeldeempfnger-1152x1536.jpg 1152w, https:\/\/www.feuerwehr-schilksee.de\/wp-content\/uploads\/2013\/03\/Funkmeldeempfnger-1536x2048.jpg 1536w\" sizes=\"auto, (max-width: 600px) 100vw, 600px\" \/><\/p>\n<p>\u00a0<\/p>\n<p style=\"text-align: center;\">Ein digitaler Funkmeldeempf\u00e4nger.<\/p>\n<p>\u00a0<\/p>\n<p><img loading=\"lazy\" decoding=\"async\" class=\" size-full wp-image-3362\" src=\"https:\/\/wp.feuerwehr-schilksee.de\/wp-content\/uploads\/2013\/03\/Sirene-scaled.jpg\" width=\"600\" height=\"800\" style=\"display: block; margin-left: auto; margin-right: auto;\" srcset=\"https:\/\/www.feuerwehr-schilksee.de\/wp-content\/uploads\/2013\/03\/Sirene-scaled.jpg 1920w, https:\/\/www.feuerwehr-schilksee.de\/wp-content\/uploads\/2013\/03\/Sirene-225x300.jpg 225w, https:\/\/www.feuerwehr-schilksee.de\/wp-content\/uploads\/2013\/03\/Sirene-768x1024.jpg 768w, https:\/\/www.feuerwehr-schilksee.de\/wp-content\/uploads\/2013\/03\/Sirene-1152x1536.jpg 1152w, https:\/\/www.feuerwehr-schilksee.de\/wp-content\/uploads\/2013\/03\/Sirene-1536x2048.jpg 1536w\" sizes=\"auto, (max-width: 600px) 100vw, 600px\" \/><\/p>\n<p style=\"text-align: center;\">Die Sirene am Feuerwehrger\u00e4tehaus in Schilksee.<\/p>\n<p>\u00a0<\/p>\n<p>\u00a0<\/p>\n","protected":false},"excerpt":{"rendered":"<p>Die Feuerwehr erreicht man \u00fcber den Notruf 112 (ohne Vorwahl und ohne M\u00fcnzen oder Telefonkarte), dann wird man in unseren Fall mit der Leitstelle Mitte verbunden.<\/p>\n","protected":false},"author":1,"featured_media":0,"parent":0,"menu_order":0,"comment_status":"closed","ping_status":"closed","template":"","meta":{"footnotes":""},"class_list":["post-4200","page","type-page","status-publish","hentry"],"_links":{"self":[{"href":"https:\/\/www.feuerwehr-schilksee.de\/index.php?rest_route=\/wp\/v2\/pages\/4200","targetHints":{"allow":["GET"]}}],"collection":[{"href":"https:\/\/www.feuerwehr-schilksee.de\/index.php?rest_route=\/wp\/v2\/pages"}],"about":[{"href":"https:\/\/www.feuerwehr-schilksee.de\/index.php?rest_route=\/wp\/v2\/types\/page"}],"author":[{"embeddable":true,"href":"https:\/\/www.feuerwehr-schilksee.de\/index.php?rest_route=\/wp\/v2\/users\/1"}],"replies":[{"embeddable":true,"href":"https:\/\/www.feuerwehr-schilksee.de\/index.php?rest_route=%2Fwp%2Fv2%2Fcomments&post=4200"}],"version-history":[{"count":1,"href":"https:\/\/www.feuerwehr-schilksee.de\/index.php?rest_route=\/wp\/v2\/pages\/4200\/revisions"}],"predecessor-version":[{"id":4201,"href":"https:\/\/www.feuerwehr-schilksee.de\/index.php?rest_route=\/wp\/v2\/pages\/4200\/revisions\/4201"}],"wp:attachment":[{"href":"https:\/\/www.feuerwehr-schilksee.de\/index.php?rest_route=%2Fwp%2Fv2%2Fmedia&parent=4200"}],"curies":[{"name":"wp","href":"https:\/\/api.w.org\/{rel}","templated":true}]}}