{"id":4197,"date":"2025-09-18T14:33:26","date_gmt":"2025-09-18T14:33:26","guid":{"rendered":"https:\/\/wp.feuerwehr-schilksee.de\/?page_id=4197"},"modified":"2025-10-06T11:14:31","modified_gmt":"2025-10-06T11:14:31","slug":"mtw","status":"publish","type":"page","link":"https:\/\/www.feuerwehr-schilksee.de\/?page_id=4197","title":{"rendered":"MTW (40\/18\/01)"},"content":{"rendered":"<p><strong>MTW \u2013 Mannschaftstransportwagen<\/strong><\/p>\n<p><img loading=\"lazy\" decoding=\"async\" class=\" size-full wp-image-3358\" src=\"https:\/\/wp.feuerwehr-schilksee.de\/wp-content\/uploads\/2013\/03\/MTW2.jpg\" alt=\"MTW2\" width=\"650\" height=\"396\" srcset=\"https:\/\/www.feuerwehr-schilksee.de\/wp-content\/uploads\/2013\/03\/MTW2.jpg 650w, https:\/\/www.feuerwehr-schilksee.de\/wp-content\/uploads\/2013\/03\/MTW2-300x183.jpg 300w\" sizes=\"auto, (max-width: 650px) 100vw, 650px\" \/><\/p>\n<p><strong>Funkrufname<\/strong>: Florian Kiel 40\/18\/1<\/p>\n<p><strong>Besatzung:\u00a0<\/strong>1\/7 &#8211; 8 Personen<\/p>\n<p><strong>Baujahr:<\/strong>\u00a02018 (seit 2019 in Schilksee)<\/p>\n<p><strong>Besonderheiten:<\/strong><\/p>\n<ul>\n<li>Nutzung f\u00fcr Transport der Jugendfeuerwehr sowie f\u00fcr Lehrg\u00e4nge, Eins\u00e4tze und Versorgungsfahrten<\/li>\n<li>Automatikgetriebe und eine Anh\u00e4ngerkupplung<\/li>\n<li>Ausstattung: Feuerl\u00f6scher, Erste Hilfe Rucksack, Funkger\u00e4te<\/li>\n<\/ul>\n<p style=\"text-align: center;\">\n","protected":false},"excerpt":{"rendered":"<p>MTW \u2013 Mannschaftstransportwagen Funkrufname: Florian Kiel 40\/18\/1 Besatzung:\u00a01\/7 &#8211; 8 Personen Baujahr:\u00a02018 (seit 2019 in Schilksee) Besonderheiten: Nutzung f\u00fcr Transport der Jugendfeuerwehr sowie f\u00fcr Lehrg\u00e4nge, Eins\u00e4tze und Versorgungsfahrten Automatikgetriebe und eine Anh\u00e4ngerkupplung Ausstattung: Feuerl\u00f6scher, Erste Hilfe Rucksack, Funkger\u00e4te<\/p>\n","protected":false},"author":1,"featured_media":0,"parent":0,"menu_order":0,"comment_status":"closed","ping_status":"closed","template":"","meta":{"footnotes":""},"class_list":["post-4197","page","type-page","status-publish","hentry"],"_links":{"self":[{"href":"https:\/\/www.feuerwehr-schilksee.de\/index.php?rest_route=\/wp\/v2\/pages\/4197","targetHints":{"allow":["GET"]}}],"collection":[{"href":"https:\/\/www.feuerwehr-schilksee.de\/index.php?rest_route=\/wp\/v2\/pages"}],"about":[{"href":"https:\/\/www.feuerwehr-schilksee.de\/index.php?rest_route=\/wp\/v2\/types\/page"}],"author":[{"embeddable":true,"href":"https:\/\/www.feuerwehr-schilksee.de\/index.php?rest_route=\/wp\/v2\/users\/1"}],"replies":[{"embeddable":true,"href":"https:\/\/www.feuerwehr-schilksee.de\/index.php?rest_route=%2Fwp%2Fv2%2Fcomments&post=4197"}],"version-history":[{"count":2,"href":"https:\/\/www.feuerwehr-schilksee.de\/index.php?rest_route=\/wp\/v2\/pages\/4197\/revisions"}],"predecessor-version":[{"id":4349,"href":"https:\/\/www.feuerwehr-schilksee.de\/index.php?rest_route=\/wp\/v2\/pages\/4197\/revisions\/4349"}],"wp:attachment":[{"href":"https:\/\/www.feuerwehr-schilksee.de\/index.php?rest_route=%2Fwp%2Fv2%2Fmedia&parent=4197"}],"curies":[{"name":"wp","href":"https:\/\/api.w.org\/{rel}","templated":true}]}}