{"id":4194,"date":"2025-09-18T14:31:36","date_gmt":"2025-09-18T14:31:36","guid":{"rendered":"https:\/\/wp.feuerwehr-schilksee.de\/?page_id=4194"},"modified":"2025-09-18T14:31:36","modified_gmt":"2025-09-18T14:31:36","slug":"einsatzgebiet","status":"publish","type":"page","link":"https:\/\/www.feuerwehr-schilksee.de\/?page_id=4194","title":{"rendered":"Einsatzgebiet"},"content":{"rendered":"<p>Die freiwillige Feuerwehr Schilksee geh\u00f6rt zusammen mit 9 anderen Kieler Freiwilligen Feuerwehren, der Werkfeuerwehr HDW und der St\u00fctzpunktfeuerwehr der Bundeswehr zu dem Stadtfeuerverband Kiel.<img loading=\"lazy\" decoding=\"async\" class=\" size-full wp-image-3350\" src=\"https:\/\/wp.feuerwehr-schilksee.de\/wp-content\/uploads\/2013\/03\/bersicht-Feuerwehren-Kiel-scaled.jpg\" width=\"501\" height=\"800\" style=\"display: block; margin-left: auto; margin-right: auto;\" srcset=\"https:\/\/www.feuerwehr-schilksee.de\/wp-content\/uploads\/2013\/03\/bersicht-Feuerwehren-Kiel-scaled.jpg 1603w, https:\/\/www.feuerwehr-schilksee.de\/wp-content\/uploads\/2013\/03\/bersicht-Feuerwehren-Kiel-188x300.jpg 188w, https:\/\/www.feuerwehr-schilksee.de\/wp-content\/uploads\/2013\/03\/bersicht-Feuerwehren-Kiel-641x1024.jpg 641w, https:\/\/www.feuerwehr-schilksee.de\/wp-content\/uploads\/2013\/03\/bersicht-Feuerwehren-Kiel-768x1227.jpg 768w, https:\/\/www.feuerwehr-schilksee.de\/wp-content\/uploads\/2013\/03\/bersicht-Feuerwehren-Kiel-962x1536.jpg 962w, https:\/\/www.feuerwehr-schilksee.de\/wp-content\/uploads\/2013\/03\/bersicht-Feuerwehren-Kiel-1282x2048.jpg 1282w\" sizes=\"auto, (max-width: 501px) 100vw, 501px\" \/><\/p>\n<p><!--more--><\/p>\n<p style=\"text-align: left;\">Das Ausr\u00fcckegebiet umfasst die Stadtteile Schilksee, Pries, Friedrichsort und Holtenau mit insgesamt etwa 20000 Einwohnern. Bei gro\u00dfen Lagen unterst\u00fctzen wir im ganzen Standtgebiet und den umliegenden Gemeinden (Strande, D\u00e4nischenhagen, Altenholz, Knoop, Krusendorf und Surendorf). Die Eins\u00e4tze im Stadtgebiet werden gemeinsam mit der Berufsfeuerwehr Kiel gefahren, wobei wir in den n\u00f6rdlichen Stadtteilen oft die erste Wehr an der Einsatzstelle sind. Wir fahren im Jahr etwa 50 Eins\u00e4tze, die Technische Hilfeleistungen und Brandmeldeanlagen werden meist von der Berufsfeuerwehr alleine abgearbeitet werden. Als Zusatzkomponente ist unsere Wehr mit Ausr\u00fcstung zu patientenorientierten Rettung bei Verkehrsunf\u00e4llen ausgestattet.<\/p>\n<p>\u00a0<\/p>\n","protected":false},"excerpt":{"rendered":"<p>Die freiwillige Feuerwehr Schilksee geh\u00f6rt zusammen mit 9 anderen Kieler Freiwilligen Feuerwehren, der Werkfeuerwehr HDW und der St\u00fctzpunktfeuerwehr der Bundeswehr zu dem Stadtfeuerverband Kiel.<\/p>\n","protected":false},"author":1,"featured_media":0,"parent":0,"menu_order":0,"comment_status":"closed","ping_status":"closed","template":"","meta":{"footnotes":""},"class_list":["post-4194","page","type-page","status-publish","hentry"],"_links":{"self":[{"href":"https:\/\/www.feuerwehr-schilksee.de\/index.php?rest_route=\/wp\/v2\/pages\/4194","targetHints":{"allow":["GET"]}}],"collection":[{"href":"https:\/\/www.feuerwehr-schilksee.de\/index.php?rest_route=\/wp\/v2\/pages"}],"about":[{"href":"https:\/\/www.feuerwehr-schilksee.de\/index.php?rest_route=\/wp\/v2\/types\/page"}],"author":[{"embeddable":true,"href":"https:\/\/www.feuerwehr-schilksee.de\/index.php?rest_route=\/wp\/v2\/users\/1"}],"replies":[{"embeddable":true,"href":"https:\/\/www.feuerwehr-schilksee.de\/index.php?rest_route=%2Fwp%2Fv2%2Fcomments&post=4194"}],"version-history":[{"count":1,"href":"https:\/\/www.feuerwehr-schilksee.de\/index.php?rest_route=\/wp\/v2\/pages\/4194\/revisions"}],"predecessor-version":[{"id":4195,"href":"https:\/\/www.feuerwehr-schilksee.de\/index.php?rest_route=\/wp\/v2\/pages\/4194\/revisions\/4195"}],"wp:attachment":[{"href":"https:\/\/www.feuerwehr-schilksee.de\/index.php?rest_route=%2Fwp%2Fv2%2Fmedia&parent=4194"}],"curies":[{"name":"wp","href":"https:\/\/api.w.org\/{rel}","templated":true}]}}