{"id":4147,"date":"2025-09-16T20:16:18","date_gmt":"2025-09-16T20:16:18","guid":{"rendered":"https:\/\/wp.feuerwehr-schilksee.de\/?page_id=4147"},"modified":"2025-10-02T08:10:28","modified_gmt":"2025-10-02T08:10:28","slug":"impressum","status":"publish","type":"page","link":"https:\/\/www.feuerwehr-schilksee.de\/?page_id=4147","title":{"rendered":"Impressum"},"content":{"rendered":"<h3><b>Freiwillige Feuerwehr Schilksee<\/b><\/h3>\n<p>&nbsp;<\/p>\n<p><strong>Inhaber des Internetauftritts<\/strong><\/p>\n<p>Freiwillige Feuerwehr Kiel-Schilksee<br \/>\nSchilkseer Stra\u00dfe 154b<br \/>\n24159 Kiel<br \/>\nTel.: 0431 371844<\/p>\n<p>&nbsp;<\/p>\n<p><strong>Ortswehrf\u00fchrer<\/strong>:<\/p>\n<p>Manuel Fechtner<br \/>\nTel: 0152 22870205 (f\u00fcr organisatorische Themen)<br \/>\nMail: <a href=\"mailto:fechtner@feuerwehr-schilksee.de\"> fechtner@feuerwehr-schilksee.de <\/a><\/p>\n<p><span style=\"color: #ff0000;\"><strong>In Notf\u00e4llen w\u00e4hlen Sie unbedingt die 112 !<\/strong><\/span><\/p>\n<p>&nbsp;<\/p>\n<p><strong>Webmaster<\/strong>:<\/p>\n<p>Bennet Lundschien<br \/>\n<a href=\"mailto:info@feuerwehr-schilksee.de\"> info@feuerwehr-schilksee.de<\/a><\/p>\n<p>&nbsp;<\/p>\n<p><span style=\"text-decoration: underline;\"><strong>Impressum<\/strong><\/span>:<\/p>\n<p><strong>Urheberrecht<\/strong><\/p>\n<p>Das Layout der Homepage, die verwendeten Grafiken, die einzelnen Beitr\u00e4ge sowie die Sammlung der Beitr\u00e4ge sind urheberrechtlich gesch\u00fctzt. Die Seiten d\u00fcrfen nur zum privaten Gebrauch vervielf\u00e4ltigt, \u00c4nderungen nicht vorgenommen und Vervielf\u00e4ltigungen ohne Genehmigung nicht verbreitet werden.<\/p>\n<p><strong>Haftungsausschluss<\/strong><\/p>\n<p>Die auf diesen Internetseiten ver\u00f6ffentlichten Inhalte sind sorgf\u00e4ltig recherchiert. Dennoch k\u00f6nnen wir keine Gew\u00e4hr f\u00fcr die Aktualit\u00e4t, Richtigkeit und Vollst\u00e4ndigkeit der bereitgestellten Informationen \u00fcbernehmen. In keinem Fall wird f\u00fcr Sch\u00e4den, die sich aus der Verwendung der abgerufenen Informationen ergeben, eine Haftung \u00fcbernommen.<\/p>\n<p>F\u00fcr Internetseiten Dritter, auf die durch Hyperlink verwiesen wird, tragen die jeweiligen Anbieter die Verantwortung. Wir haben keinen Einfluss auf Inhalt und Gestaltung der verlinkten Seiten und \u00fcbernehmen keine Verantwortung f\u00fcr diese Seiten. Wir weisen ausdr\u00fccklich darauf hin, dass wir uns mit Inhalten Dritter, die gegen die Rechtsordnung oder die guten Sitten versto\u00dfen, nicht identifizieren, sondern ausdr\u00fccklich davon distanzieren. Die Nutzung von Hyperlinks, die zu Seiten Dritter f\u00fchren, erfolgt auf eigene Verantwortung der Nutzer.<\/p>\n","protected":false},"excerpt":{"rendered":"<p>Freiwillige Feuerwehr Schilksee &nbsp; Inhaber des Internetauftritts Freiwillige Feuerwehr Kiel-Schilksee Schilkseer Stra\u00dfe 154b 24159 Kiel Tel.: 0431 371844 &nbsp; Ortswehrf\u00fchrer: Manuel Fechtner Tel: 0152 22870205 (f\u00fcr organisatorische Themen) Mail: fechtner@feuerwehr-schilksee.de In Notf\u00e4llen w\u00e4hlen Sie unbedingt die 112 ! &nbsp; Webmaster: Bennet Lundschien info@feuerwehr-schilksee.de &nbsp; Impressum: Urheberrecht Das Layout der Homepage, die verwendeten Grafiken, die einzelnen [&hellip;]<\/p>\n","protected":false},"author":1,"featured_media":0,"parent":0,"menu_order":0,"comment_status":"closed","ping_status":"closed","template":"page-without-header-image","meta":{"footnotes":""},"class_list":["post-4147","page","type-page","status-publish","hentry"],"_links":{"self":[{"href":"https:\/\/www.feuerwehr-schilksee.de\/index.php?rest_route=\/wp\/v2\/pages\/4147","targetHints":{"allow":["GET"]}}],"collection":[{"href":"https:\/\/www.feuerwehr-schilksee.de\/index.php?rest_route=\/wp\/v2\/pages"}],"about":[{"href":"https:\/\/www.feuerwehr-schilksee.de\/index.php?rest_route=\/wp\/v2\/types\/page"}],"author":[{"embeddable":true,"href":"https:\/\/www.feuerwehr-schilksee.de\/index.php?rest_route=\/wp\/v2\/users\/1"}],"replies":[{"embeddable":true,"href":"https:\/\/www.feuerwehr-schilksee.de\/index.php?rest_route=%2Fwp%2Fv2%2Fcomments&post=4147"}],"version-history":[{"count":10,"href":"https:\/\/www.feuerwehr-schilksee.de\/index.php?rest_route=\/wp\/v2\/pages\/4147\/revisions"}],"predecessor-version":[{"id":4318,"href":"https:\/\/www.feuerwehr-schilksee.de\/index.php?rest_route=\/wp\/v2\/pages\/4147\/revisions\/4318"}],"wp:attachment":[{"href":"https:\/\/www.feuerwehr-schilksee.de\/index.php?rest_route=%2Fwp%2Fv2%2Fmedia&parent=4147"}],"curies":[{"name":"wp","href":"https:\/\/api.w.org\/{rel}","templated":true}]}}