{"id":4112,"date":"2025-08-30T12:03:13","date_gmt":"2025-08-30T12:03:13","guid":{"rendered":"https:\/\/wp.feuerwehr-schilksee.de\/?page_id=4112"},"modified":"2025-10-06T11:13:58","modified_gmt":"2025-10-06T11:13:58","slug":"hlf-10","status":"publish","type":"page","link":"https:\/\/www.feuerwehr-schilksee.de\/?page_id=4112","title":{"rendered":"HLF 10 (40\/48\/01)"},"content":{"rendered":"<p style=\"text-align: left;\"><strong>HLF 10 \u2013 Hilfeleistungsl\u00f6schfahrzeug<\/strong><\/p>\n<p style=\"text-align: justify;\"><img loading=\"lazy\" decoding=\"async\" class=\" size-full wp-image-3354\" src=\"https:\/\/wp.feuerwehr-schilksee.de\/wp-content\/uploads\/2013\/03\/HLF.jpg\" alt=\"HLF\" width=\"607\" height=\"394\" srcset=\"https:\/\/www.feuerwehr-schilksee.de\/wp-content\/uploads\/2013\/03\/HLF.jpg 607w, https:\/\/www.feuerwehr-schilksee.de\/wp-content\/uploads\/2013\/03\/HLF-300x195.jpg 300w\" sizes=\"auto, (max-width: 607px) 100vw, 607px\" \/><\/p>\n<p><strong>Funkrufname<\/strong>:<\/p>\n<p>Florian Kiel 40\/48\/01<\/p>\n<p><strong>Besatzung:<\/strong><\/p>\n<p>1\/8 (Gruppenf\u00fchrer, Maschinist, Melder, Angriffs-, Wasser- und Schlauchtrupp)<\/p>\n<p><strong>Baujahr:<\/strong><\/p>\n<p>2022 (Indienststellung 2023, insg. 12 identische Fahrzeuge f\u00fcr alle FF\u2018s in Kiel)<\/p>\n<p><strong>Tank: \u00a0\u00a0\u00a0\u00a0\u00a0 <\/strong><\/p>\n<p>1600 Liter Wasser<\/p>\n<p>&nbsp;<\/p>\n<p><strong>U<\/strong><strong>mfangreiche <\/strong><strong>Ausstattung<\/strong><strong> f\u00fcr Brandbek\u00e4mpfungs- <\/strong><strong>u.<\/strong><strong> Hilfeleistungseins\u00e4tz<\/strong><strong>e:<\/strong><\/p>\n<ul>\n<li>Rettungssatz (Schere und Spreizer) f\u00fcr Verkehrsunf\u00e4lle<\/li>\n<li>Motorkettens\u00e4ge, S\u00e4bels\u00e4ge, Trennschleifer<\/li>\n<li>Equipment f\u00fcr H\u00f6henrettung und Wasserrettung<\/li>\n<li>Akkubetriebener L\u00fcfter mit Vernebelungsaufsatz<\/li>\n<li>Vier Atemschutzger\u00e4te im Mannschaftskabine<\/li>\n<li>Stromerzeuger, Tauchpumpe<\/li>\n<li>Und vieles mehr\u2026<\/li>\n<\/ul>\n","protected":false},"excerpt":{"rendered":"<p>HLF 10 \u2013 Hilfeleistungsl\u00f6schfahrzeug Funkrufname: Florian Kiel 40\/48\/01 Besatzung: 1\/8 (Gruppenf\u00fchrer, Maschinist, Melder, Angriffs-, Wasser- und Schlauchtrupp) Baujahr: 2022 (Indienststellung 2023, insg. 12 identische Fahrzeuge f\u00fcr alle FF\u2018s in Kiel) Tank: \u00a0\u00a0\u00a0\u00a0\u00a0 1600 Liter Wasser &nbsp; Umfangreiche Ausstattung f\u00fcr Brandbek\u00e4mpfungs- u. Hilfeleistungseins\u00e4tze: Rettungssatz (Schere und Spreizer) f\u00fcr Verkehrsunf\u00e4lle Motorkettens\u00e4ge, S\u00e4bels\u00e4ge, Trennschleifer Equipment f\u00fcr H\u00f6henrettung und [&hellip;]<\/p>\n","protected":false},"author":1,"featured_media":0,"parent":0,"menu_order":0,"comment_status":"closed","ping_status":"closed","template":"","meta":{"footnotes":""},"class_list":["post-4112","page","type-page","status-publish","hentry"],"_links":{"self":[{"href":"https:\/\/www.feuerwehr-schilksee.de\/index.php?rest_route=\/wp\/v2\/pages\/4112","targetHints":{"allow":["GET"]}}],"collection":[{"href":"https:\/\/www.feuerwehr-schilksee.de\/index.php?rest_route=\/wp\/v2\/pages"}],"about":[{"href":"https:\/\/www.feuerwehr-schilksee.de\/index.php?rest_route=\/wp\/v2\/types\/page"}],"author":[{"embeddable":true,"href":"https:\/\/www.feuerwehr-schilksee.de\/index.php?rest_route=\/wp\/v2\/users\/1"}],"replies":[{"embeddable":true,"href":"https:\/\/www.feuerwehr-schilksee.de\/index.php?rest_route=%2Fwp%2Fv2%2Fcomments&post=4112"}],"version-history":[{"count":8,"href":"https:\/\/www.feuerwehr-schilksee.de\/index.php?rest_route=\/wp\/v2\/pages\/4112\/revisions"}],"predecessor-version":[{"id":4348,"href":"https:\/\/www.feuerwehr-schilksee.de\/index.php?rest_route=\/wp\/v2\/pages\/4112\/revisions\/4348"}],"wp:attachment":[{"href":"https:\/\/www.feuerwehr-schilksee.de\/index.php?rest_route=%2Fwp%2Fv2%2Fmedia&parent=4112"}],"curies":[{"name":"wp","href":"https:\/\/api.w.org\/{rel}","templated":true}]}}